{"id":15,"date":"2012-11-27T20:31:51","date_gmt":"2012-11-27T19:31:51","guid":{"rendered":"http:\/\/wordpress.p180270.webspaceconfig.de\/?page_id=15"},"modified":"2023-12-05T11:25:03","modified_gmt":"2023-12-05T10:25:03","slug":"review-und-audit","status":"publish","type":"page","link":"https:\/\/www.cabp.de\/index.php\/leistungen\/review-und-audit\/","title":{"rendered":"Review &#038; Audit"},"content":{"rendered":"<p>&nbsp;<\/p>\n<p>Sowohl zur unmittelbaren Milderung und Abwendung von Risiken in den fr\u00fchen Phasen eines Softwareentwicklungsprojektes, als auch zur Sicherung der Nachhaltigkeit eines Softwaresystems, sind analytische und konstruktive Qualit\u00e4tssicherungsma\u00dfnahmen unverzichtbar. Oft sind diese nicht explizit oder fachlich ungen\u00fcgend in Projekten besetzt, was zu enormen Zusatzkosten f\u00fchren kann. Nutzungsminderungen sind die Folge und nicht selten scheitern Softwareentwicklungsprojekte an den Konsequenzen eines ungen\u00fcgenden Qualit\u00e4tsmanagements.<\/p>\n<p>Auch gro\u00dfe Probleme fangen immer als kleines Problem an und der Erfolg eines Projekt basiert auf einem best\u00e4ndigen und konsequenten Fehlermanagement. Werkzeuge sind daf\u00fcr unabdingbar, aber sie sind nur die Sensorik und m\u00fcssen eingestellt und interpretiert werden.  Ebenso sollte ein fr\u00fchzeitiges und objektives Projektreview f\u00fcr ambitionierte Projekte selbstverst\u00e4ndlich sein, um den neutralen Blick und Erfahrungen von Au\u00dfen einzubringen.<\/p>\n<h3>Ich biete Ihnen auf Honorarbasis an, analytische und konstruktive Qualit\u00e4tsma\u00dfnahmen zu implementieren. Dazu geh\u00f6rt vor Allem:<\/h3>\n<ul>\n<li>die Analyse und Bewertung von neuen oder laufenden Softwareentwicklungsprojekten und die Unterst\u00fctzung bei der Konzeption und Umsetzung eines ganzheitlichen QM-Konzeptes.<\/li>\n<li>das Review von Softwarearchitekturen und Entwicklungsartefakten, sowie die Erarbeitung einer spezifischen Metrik und Werkzeugstra\u00dfe zur analytischen Qualit\u00e4tssicherung.<\/li>\n<li>die Pr\u00fcfung und Bewertung von Entwicklungsvorhaben und -angeboten.<\/li>\n<\/ul>\n<p>&nbsp;<\/p>\n","protected":false},"excerpt":{"rendered":"<p>&nbsp; Sowohl zur unmittelbaren Milderung und Abwendung von Risiken in den fr\u00fchen Phasen eines Softwareentwicklungsprojektes, als auch zur Sicherung der Nachhaltigkeit eines Softwaresystems, sind analytische und konstruktive Qualit\u00e4tssicherungsma\u00dfnahmen unverzichtbar. Oft sind diese nicht explizit oder fachlich ungen\u00fcgend in Projekten besetzt, was zu enormen Zusatzkosten f\u00fchren kann. Nutzungsminderungen sind die Folge und nicht selten scheitern Softwareentwicklungsprojekte [&hellip;]<\/p>\n","protected":false},"author":3,"featured_media":0,"parent":2,"menu_order":0,"comment_status":"closed","ping_status":"closed","template":"","meta":[],"_links":{"self":[{"href":"https:\/\/www.cabp.de\/index.php\/wp-json\/wp\/v2\/pages\/15"}],"collection":[{"href":"https:\/\/www.cabp.de\/index.php\/wp-json\/wp\/v2\/pages"}],"about":[{"href":"https:\/\/www.cabp.de\/index.php\/wp-json\/wp\/v2\/types\/page"}],"author":[{"embeddable":true,"href":"https:\/\/www.cabp.de\/index.php\/wp-json\/wp\/v2\/users\/3"}],"replies":[{"embeddable":true,"href":"https:\/\/www.cabp.de\/index.php\/wp-json\/wp\/v2\/comments?post=15"}],"version-history":[{"count":13,"href":"https:\/\/www.cabp.de\/index.php\/wp-json\/wp\/v2\/pages\/15\/revisions"}],"predecessor-version":[{"id":3644,"href":"https:\/\/www.cabp.de\/index.php\/wp-json\/wp\/v2\/pages\/15\/revisions\/3644"}],"up":[{"embeddable":true,"href":"https:\/\/www.cabp.de\/index.php\/wp-json\/wp\/v2\/pages\/2"}],"wp:attachment":[{"href":"https:\/\/www.cabp.de\/index.php\/wp-json\/wp\/v2\/media?parent=15"}],"curies":[{"name":"wp","href":"https:\/\/api.w.org\/{rel}","templated":true}]}}