{"id":17,"date":"2012-11-27T20:32:04","date_gmt":"2012-11-27T19:32:04","guid":{"rendered":"http:\/\/wordpress.p180270.webspaceconfig.de\/?page_id=17"},"modified":"2023-12-05T11:25:03","modified_gmt":"2023-12-05T10:25:03","slug":"training-und-seminare","status":"publish","type":"page","link":"https:\/\/www.cabp.de\/index.php\/leistungen\/training-und-seminare\/","title":{"rendered":"Training &#038; Seminare"},"content":{"rendered":"<p>&nbsp;<\/p>\n<p>Der Einsatz neuer Methoden, Technologien oder Werkzeuge kann das Unternehmenswachstum f\u00f6rdern, Kosten senken oder die Wettbewerbsf\u00e4higkeit verbessern. Voraussetzung daf\u00fcr ist der Aufbau von Knowhow und die richtige Implementierung in der Organisation.<\/p>\n<p>Als Dozent erfahren (>150h) kann ich Ihnen dabei helfen, Ihre Mannschaft auf die Beschleunigungsspur zu bringen.<\/p>\n<h3>Ich biete Ihnen auf Honorarbasis an, f\u00fcr Sie oder Ihre Kunden Seminaren und Workshops vor Ort zu halten. Zu den Themengebieten geh\u00f6rt:<\/h3>\n<ul>\n<li>SOA-Referenzarchitektur und -Patterns<\/li>\n<li>Modellierung in BPMN 2.0 und BPEL<\/li>\n<li>Vorbereitung auf Zertifizierung zum IT-Architekten \/ Open Group oder iSAQB<\/li>\n<li>Qualit\u00e4tssicherung in Softwareprojekten<\/li>\n<li>Agiles Management in Softwareprojekten,  Distributed Scrum und Kanban<\/li>\n<\/ul>\n<p>&nbsp;<\/p>\n","protected":false},"excerpt":{"rendered":"<p>&nbsp; Der Einsatz neuer Methoden, Technologien oder Werkzeuge kann das Unternehmenswachstum f\u00f6rdern, Kosten senken oder die Wettbewerbsf\u00e4higkeit verbessern. Voraussetzung daf\u00fcr ist der Aufbau von Knowhow und die richtige Implementierung in der Organisation. Als Dozent erfahren (>150h) kann ich Ihnen dabei helfen, Ihre Mannschaft auf die Beschleunigungsspur zu bringen. Ich biete Ihnen auf Honorarbasis an, f\u00fcr [&hellip;]<\/p>\n","protected":false},"author":3,"featured_media":0,"parent":2,"menu_order":0,"comment_status":"closed","ping_status":"closed","template":"","meta":[],"_links":{"self":[{"href":"https:\/\/www.cabp.de\/index.php\/wp-json\/wp\/v2\/pages\/17"}],"collection":[{"href":"https:\/\/www.cabp.de\/index.php\/wp-json\/wp\/v2\/pages"}],"about":[{"href":"https:\/\/www.cabp.de\/index.php\/wp-json\/wp\/v2\/types\/page"}],"author":[{"embeddable":true,"href":"https:\/\/www.cabp.de\/index.php\/wp-json\/wp\/v2\/users\/3"}],"replies":[{"embeddable":true,"href":"https:\/\/www.cabp.de\/index.php\/wp-json\/wp\/v2\/comments?post=17"}],"version-history":[{"count":25,"href":"https:\/\/www.cabp.de\/index.php\/wp-json\/wp\/v2\/pages\/17\/revisions"}],"predecessor-version":[{"id":3646,"href":"https:\/\/www.cabp.de\/index.php\/wp-json\/wp\/v2\/pages\/17\/revisions\/3646"}],"up":[{"embeddable":true,"href":"https:\/\/www.cabp.de\/index.php\/wp-json\/wp\/v2\/pages\/2"}],"wp:attachment":[{"href":"https:\/\/www.cabp.de\/index.php\/wp-json\/wp\/v2\/media?parent=17"}],"curies":[{"name":"wp","href":"https:\/\/api.w.org\/{rel}","templated":true}]}}