{"id":27,"date":"2012-11-27T20:33:10","date_gmt":"2012-11-27T19:33:10","guid":{"rendered":"http:\/\/wordpress.p180270.webspaceconfig.de\/?page_id=27"},"modified":"2023-12-05T11:25:03","modified_gmt":"2023-12-05T10:25:03","slug":"kontakt","status":"publish","type":"page","link":"https:\/\/www.cabp.de\/index.php\/kontakt\/","title":{"rendered":"Impressum"},"content":{"rendered":"<p><span style=\"color: #f07e23;\">CABP &#8211; Computer Aided Business Processes <img loading=\"lazy\" class=\"alignright\" title=\"cabp-kontakt\" src=\"\/wp-content\/uploads\/cabp-kontakt.jpg\" alt=\"\" width=\"600\" height=\"300\" \/><br \/>\n<\/span>Freiberufliche IT-Strategie und Technologieberatung<\/p>\n<p>Verantwortlicher<br \/>\nTobias Baumhauer (geb. Weih)<br \/>\nMaster Certified IT Architect<\/p>\n<p>Happurger Str. 106<br \/>\n90482 N\u00fcrnberg<\/p>\n<p>Mobil +49 (0) 176 35 10 91 49<br \/>\nTel +49 (0) 911 54 06 89 77<br \/>\nFax +49 (0) 911 54 06 89 88<\/p>\n<p>eMail: <a href=\"mailto:info@cabp.de\">info@cabp.de<\/a><\/p>\n<p>USt-IdNr.: DE234628893<\/p>\n<hr style=\"clear: both;\" \/>\n<p>&nbsp;<\/p>\n<h1>Kontaktformular<\/h1>\n<div role=\"form\" class=\"wpcf7\" id=\"wpcf7-f104-o1\" lang=\"en-US\" dir=\"ltr\">\n<div class=\"screen-reader-response\"><p role=\"status\" aria-live=\"polite\" aria-atomic=\"true\"><\/p> <ul><\/ul><\/div>\n<form action=\"\/index.php\/wp-json\/wp\/v2\/pages\/27#wpcf7-f104-o1\" method=\"post\" class=\"wpcf7-form init\" novalidate=\"novalidate\" data-status=\"init\">\n<div style=\"display: none;\">\n<input type=\"hidden\" name=\"_wpcf7\" value=\"104\" \/>\n<input type=\"hidden\" name=\"_wpcf7_version\" value=\"5.5.6\" \/>\n<input type=\"hidden\" name=\"_wpcf7_locale\" value=\"en_US\" \/>\n<input type=\"hidden\" name=\"_wpcf7_unit_tag\" value=\"wpcf7-f104-o1\" \/>\n<input type=\"hidden\" name=\"_wpcf7_container_post\" value=\"0\" \/>\n<input type=\"hidden\" name=\"_wpcf7_posted_data_hash\" value=\"\" \/>\n<input type=\"hidden\" name=\"_wpcf7_recaptcha_response\" value=\"\" \/>\n<\/div>\n<p>Ihr Name (Pflichtfeld)<br \/>\n    <span class=\"wpcf7-form-control-wrap your-name\"><input type=\"text\" name=\"your-name\" value=\"\" size=\"40\" class=\"wpcf7-form-control wpcf7-text wpcf7-validates-as-required\" aria-required=\"true\" aria-invalid=\"false\" \/><\/span> <\/p>\n<p>Ihre E-Mail-Adresse (Pflichtfeld)<br \/>\n    <span class=\"wpcf7-form-control-wrap your-email\"><input type=\"email\" name=\"your-email\" value=\"\" size=\"40\" class=\"wpcf7-form-control wpcf7-text wpcf7-email wpcf7-validates-as-required wpcf7-validates-as-email\" aria-required=\"true\" aria-invalid=\"false\" \/><\/span> <\/p>\n<p>Betreff<br \/>\n    <span class=\"wpcf7-form-control-wrap your-subject\"><input type=\"text\" name=\"your-subject\" value=\"\" size=\"40\" class=\"wpcf7-form-control wpcf7-text\" aria-invalid=\"false\" \/><\/span> <\/p>\n<p>Ihre Nachricht<br \/>\n    <span class=\"wpcf7-form-control-wrap your-message\"><textarea name=\"your-message\" cols=\"40\" rows=\"10\" class=\"wpcf7-form-control wpcf7-textarea\" aria-invalid=\"false\"><\/textarea><\/span> <\/p>\n<p><input type=\"submit\" value=\"Senden\" class=\"wpcf7-form-control has-spinner wpcf7-submit\" \/><\/p>\n<p style=\"display: none !important;\" class=\"akismet-fields-container\" data-prefix=\"_wpcf7_ak_\"><label>&#916;<textarea name=\"_wpcf7_ak_hp_textarea\" cols=\"45\" rows=\"8\" maxlength=\"100\"><\/textarea><\/label><input type=\"hidden\" id=\"ak_js_1\" name=\"_wpcf7_ak_js\" value=\"174\"\/><script>document.getElementById( \"ak_js_1\" ).setAttribute( \"value\", ( new Date() ).getTime() );<\/script><\/p><div class=\"wpcf7-response-output\" aria-hidden=\"true\"><\/div><\/form><\/div>\n<hr \/>\n<p>&nbsp;<\/p>\n<h1>Datenschutzerkl\u00e4rung<\/h1>\n<p>Mit der nachfolgenden Erkl\u00e4rung informieren wir Sie \u00fcber die Verarbeitung von Daten und deren Art und Zweckbestimmung. Die Rechtsgrundlage ist die Datenschutzgrundverordnung (DSGVO). Die verwendeten Begrifflichkeiten sind ebenfalls der DSGVO entlehnt.<\/p>\n<p>Nutzer und Kunden haben die M\u00f6glichkeit die Einwilligung in die Erhebung, Verarbeitung oder Nutzung ihrer Daten jederzeit mit Wirkung f\u00fcr die Zukunft zu widerrufen. Ein Widerruf ist an die verantwortliche Stelle i.S.d. Datenschutzgesetzes zu richten:<\/p>\n<p style=\"padding-left: 30px;\">Tobias Baumhauer<br \/>\nHappurger Str. 106<br \/>\n90482 N\u00fcrnberg<br \/>\nImpressum: <a href=\"https:\/\/cabp.server-ip.info\/impressum\/\">https:\/\/www.cabp.de\/impressum\/<\/a><br \/>\n<a href=\"mailto:info@cabp.de\">info@cabp.de<\/a><\/p>\n<p>&nbsp;<\/p>\n<h3><strong>Gegenstand \/ Arten der verarbeiteten Daten<\/strong><\/h3>\n<p>Wir verarbeiten Name, Bestands- und Kontaktdaten, aber auch Meta- und Nutzungsdaten wie z.B. besuchte Webseiten und Ihre IP-Adresse. Des weiteren verarbeiten oder nutzen automatisch nicht-pers\u00f6nliche Informationen, die Ihr Browser an uns \u00fcbermittelt (Browser, Betriebssystem, IP-Adresse \/ Hostname des benutzten Rechners, usw.) und setzem tempor\u00e4re und permanente Cookies ein.<\/p>\n<p>Ein Cookie dient prim\u00e4r dazu, die Angaben zu einem Nutzer w\u00e4hrend oder auch nach seinem Besuch innerhalb eines Onlineangebotes zu speichern. Mit permanenten Cookies kann der Benutzer bzw. der Browser bei einem erneuten Besuch wiedererkannt werden. Ebenso k\u00f6nnen in einem solchen Cookie die Interessen der Nutzer gespeichert werden, die f\u00fcr Reichweitenmessung oder Marketingzwecke verwendet werden bzw. sogenannte \u201eThird-Party-Cookie\u201c von Drittanbietern eingesetzt werden, \u00fcber die ein Benutzter ggf. \u00fcber Websites anderer Anbieter hinweg wiedererkannt werden kann.<\/p>\n<p>Bei den meisten Webbrowsern ist es durch die \u201eEinstellungs-Funktion\u201c in der Men\u00fcleiste m\u00f6glich, eine Einstellung zu w\u00e4hlen, so dass Ihr Browser zuk\u00fcnftig keine neuen Cookies akzeptiert oder bereits erhaltene Cookies ausschaltet. Hierdurch kann es jedoch zu Beeintr\u00e4chtigungen einzelner Funktionen der Internetseite kommen. M\u00f6chten Sie die Verwendung von Cookies dennoch reduzieren, so ist sicherzustellen, dass jeder Computer und jeder Browser mit dem Sie arbeiten das gew\u00fcnschte Schutzniveau aufweist.<\/p>\n<p>Zudem verarbeiten wir Bestands- und Kontaktdaten, Meta- und Nutzungsdaten, sowie Vertrags- und Zahlungsdaten von unseren Kunden, Mitarbeitern und Gesch\u00e4ftspartnern, sowie Angaben zu Lieferanten, Veranstaltern und sonstigen Gesch\u00e4ftspartnern auf Grundlage unserer betriebswirtschaftlichen Interessen.<\/p>\n<h3><strong>Datenerhebung, -verarbeitung und -nutzung<\/strong><\/h3>\n<p>Grunds\u00e4tzlich ist f\u00fcr die Nutzung der Internetseite die Erhebung, Verwendung oder Nutzung personenbezogener Daten nicht erforderlich. Die Daten der Websitenutzer verarbeiten wir zu folgenden Zwecken und auf Grundlage unserer berechtigten Interessen:<\/p>\n<ul>\n<li>Beantwortung von Kontaktanfragen und Kommunikation<\/li>\n<li>Indikation von Sicherheitsvorf\u00e4llen und Durchsetzung von Sicherheitsma\u00dfnahmen<\/li>\n<li>Nutzungsanalyse, Kundenpflege, Marketing, Werbung und Marktforschung<\/li>\n<\/ul>\n<p>Wir verarbeiten die Daten unserer Kunden und Mitarbeiter im Rahmen unserer vertraglichen Leistungen zu denen konzeptionelle und strategische Beratung, Kampagnenplanung, Software- und Designentwicklung\/-beratung oder Pflege, Umsetzung von Prozessen, Serveradministration, Datenanalyse, Beratungsleistungen und Schulungsleistungen geh\u00f6ren zum Zwecke der Administration, Finanzbuchhaltung, B\u00fcroorganisation und der allgemeinen Leistungserbringung. Also Aufgaben die der Aufrechterhaltung unserer Gesch\u00e4ftst\u00e4tigkeiten, Wahrnehmung unserer Aufgaben und Erbringung unserer Leistungen dienen.<\/p>\n<h3><strong>Auskunft, Korrektur, L\u00f6schung und Sperrung, Widerruf und Widerspruch<\/strong><\/h3>\n<p>Sie k\u00f6nnen jederzeit ihre bei uns erhobenen Daten erfragen, erhalten, sperren, berichtigen oder l\u00f6schen lassen. Sie haben das Recht, erteilte Einwilligungen gem. Art. 7 Abs. 3 DSGVO mit Wirkung f\u00fcr die Zukunft zu widerrufen. Sie k\u00f6nnen auch der k\u00fcnftigen Verarbeitung der Sie betreffenden Daten nach Ma\u00dfgabe des Art. 21 DSGVO jederzeit widersprechen. Sie haben das Recht zu verlangen, dass die Sie betreffenden Daten, die Sie uns bereitgestellt haben nach Ma\u00dfgabe des Art. 20 DSGVO zu erhalten und deren \u00dcbermittlung an andere Verantwortliche zu fordern.<\/p>\n<p>Wir verpflichten uns, die personenbezogenen Daten, die f\u00fcr eigene Zwecke verarbeitet werden, zu l\u00f6schen, sobald ihre Kenntnis f\u00fcr die Erf\u00fcllung des Zwecks der Speicherung nicht mehr erforderlich ist. An die Stelle einer L\u00f6schung tritt eine Sperrung, soweit einer L\u00f6schung gesetzliche, satzungsm\u00e4\u00dfige oder vertragliche Aufbewahrungsfristen entgegenstehen, Grund zu der Annahme besteht, dass durch eine L\u00f6schung schutzw\u00fcrdige Interessen des Betroffenen beeintr\u00e4chtigt w\u00fcrden oder eine L\u00f6schung wegen der besonderen Art der Speicherung nicht oder nur mit unverh\u00e4ltnism\u00e4\u00dfig hohem Aufwand m\u00f6glich ist.<\/p>\n<p>Eine L\u00f6schung erfolgt auch, wenn Sie ihre Einwilligung zur Erhebung, Verarbeitung und Nutzung der personenbezogenen Daten widerrufen. Erfolgt der Widerruf w\u00e4hrend eines laufenden Gesch\u00e4ftsvorgangs, so erfolgt die L\u00f6schung unmittelbar nach dessen Abschluss.<\/p>\n<p>Weiterf\u00fchrende gesetzliche L\u00f6schungs- oder Sperrungsverpflichtungen bleiben hiervon unber\u00fchrt. Sollten einzelnen Regelungen ung\u00fcltig sein, so tritt an ihre Stelle die gesetzliche Regelung und die \u00fcbrigen Regelungen bleiben davon unber\u00fchrt.<\/p>\n<h3><strong>Technische und organisatorische Ma\u00dfnahmen<\/strong><\/h3>\n<p>Wir treffen nach Ma\u00dfgabe des Art. 32 DSGVO unter Ber\u00fccksichtigung der Notwendigkeit und Verh\u00e4ltnis\u00e4\u00dfigkeit geeignete technische und organisatorische Ma\u00dfnahmen, um die Daten angemessen mit Blick auf Vertraulichkeit und Integrit\u00e4t zu sch\u00fctzen. Dazu z\u00e4hlt der kontrollierte Zugang und Zugriff auf die Daten und die datenverarbeitenden Systeme.<\/p>\n<p>Logfile-Informationen werden aus Sicherheitsgr\u00fcnden (z.B. zur Aufkl\u00e4rung von Missbrauchs- oder Betrugshandlungen) f\u00fcr die Dauer von maximal 7 Tagen gespeichert und danach gel\u00f6scht. Daten, deren weitere Aufbewahrung zu Beweiszwecken erforderlich ist, sind bis zur endg\u00fcltigen Kl\u00e4rung des jeweiligen Vorfalls von der L\u00f6schung ausgenommen.<\/p>\n<h3><strong>Verarbeitung durch Dritte<\/strong><\/h3>\n<p>Sofern wir im Rahmen unserer Verarbeitung Daten gegen\u00fcber anderen Personen und Unternehmen (Auftragsverarbeitern oder Dritten) offenbaren, sie an diese \u00fcbermitteln oder ihnen sonst Zugriff auf die Daten gew\u00e4hren, erfolgt dies nur<\/p>\n<ul>\n<li>auf Grundlage einer gesetzlichen Erlaubnis Art. 28 und Art. 44 ff. der DSGVO,<\/li>\n<li>Sie eingewilligt haben,<\/li>\n<li>eine rechtliche Verpflichtung dies vorsieht<\/li>\n<li>oder auf Grundlage unserer berechtigten Interessen.<\/li>\n<\/ul>\n<p>Das umfasst vor Allem auch Daten an die Finanzverwaltung, Berater, wie z.B., Steuerberater oder Wirtschaftspr\u00fcfer.<\/p>\n<p>Die von uns in Anspruch genommenen Hosting-Leistungen dienen der Zurverf\u00fcgungstellung der folgenden Leistungen: Infrastruktur- und Plattformdienstleistungen, Rechenkapazit\u00e4t, Speicherplatz, Sicherheitsleistungen sowie technische Wartungsleistungen, die wir zum Zwecke des Betriebs dieses Onlineangebotes einsetzen. Hierbei verarbeiten wir, bzw. unser Hostinganbieter Bestandsdaten, Kontaktdaten, Inhaltsdaten, Vertragsdaten, Nutzungsdaten, Meta- und Kommunikationsdaten von Kunden, Interessenten und Besuchern dieses Onlineangebotes auf Grundlage unserer berechtigten Interessen an einer effizienten und sicheren Zurverf\u00fcgungstellung dieses Onlineangebotes.<\/p>\n<h3><strong>Einbindung von Diensten und Inhalten Dritter<\/strong><\/h3>\n<p>Wir setzen innerhalb unseres Onlineangebotes auf Grundlage unserer berechtigten Interessen (d.h. Interesse an der Analyse, Optimierung und wirtschaftlichem Betrieb unseres Onlineangebotes im Sinne des Art. 6 Abs. DSGVO) Inhalts- oder Serviceangebote von Drittanbietern ein, um deren Inhalte und Services.<\/p>\n<h4><em>Twitter<\/em><\/h4>\n<p>Innerhalb unseres Onlineangebotes k\u00f6nnen Funktionen und Inhalte des Dienstes Twitter, angeboten durch die Twitter Inc., 1355 Market Street, Suite 900, San Francisco, CA 94103, USA, eingebunden werden. Sofern die Nutzer Mitglieder der Plattform Twitter sind, kann Twitter den Aufruf der o.g. Inhalte und Funktionen den dortigen Profilen der Nutzer zuordnen. Datenschutzerkl\u00e4rung: https:\/\/twitter.com\/de\/privacy, Opt-Out: https:\/\/twitter.com\/personalization.<\/p>\n<p><strong><em>Google reCAPTCHA<\/em><\/strong><\/p>\n<p>Wir binden die Funktion \u201ereCAPTCHA\u201c ein, um beim Kontaktformular Menschen von Programmen (sogenannten \u201eBots\u201c) zu unterscheiden. Zu den verarbeiteten Daten k\u00f6nnen IP-Adressen, Informationen zu Betriebssystemen, Ger\u00e4ten oder verwendeten Browsern, Spracheinstellungen, Standort, Mausbewegungen, Tastaturanschl\u00e4ge, Verweildauer auf Webseiten, zuvor besuchte Webseiten, Interaktionen mit ReCaptcha auf anderen Webseiten, unter Umst\u00e4nden Cookies sowie Ergebnisse von manuellen Erkennungsvorg\u00e4ngen geh\u00f6ren. Dienstanbieter: Google Ireland Limited, Gordon House, Barrow Street, Dublin 4, Irland, Mutterunternehmen: Google LLC, 1600 Amphitheatre Parkway, Mountain View, CA 94043, USA; Website: <a href=\"https:\/\/www.google.com\/recaptcha\/\" target=\"_blank\" rel=\"noopener\">https:\/\/www.google.com\/recaptcha\/<\/a>; Datenschutzerkl\u00e4rung: <a href=\"https:\/\/policies.google.com\/privacy\" target=\"_blank\" rel=\"noopener\">https:\/\/policies.google.com\/privacy<\/a>; Widerspruchsm\u00f6glichkeit (Opt-Out): Opt-Out-Plugin: <a href=\"https:\/\/tools.google.com\/dlpage\/gaoptout?hl=de\" target=\"_blank\" rel=\"noopener\">https:\/\/tools.google.com\/dlpage\/gaoptout?hl=de<\/a>, Einstellungen f\u00fcr die Darstellung von Werbeeinblendungen: <a href=\"https:\/\/adssettings.google.com\/authenticated\" target=\"_blank\" rel=\"noopener\">https:\/\/adssettings.google.com\/authenticated<\/a>.<\/p>\n<h4><em>Google Analytics<\/em><\/h4>\n<p>Diese Website benutzt Google Analytics, einen Webanalysedienst der Google Inc. (\u201cGoogle\u201d) auf Grundlage unserer berechtigten Interessen (d.h. Interesse an der Analyse, Optimierung und wirtschaftlichem Betrieb unseres Onlineangebotes). Google Analytics verwendet sog. \u201cCookies\u201d, Textdateien, die auf Ihrem Computer gespeichert werden und die eine Analyse der Benutzung der Website durch Sie erm\u00f6glichen. Die durch den Cookie erzeugten Informationen \u00fcber Ihre Benutzung dieser Website werden in der Regel an einen Server von Google in den USA \u00fcbertragen und dort gespeichert. Im Auftrag des Betreibers dieser Website wird Google diese Informationen benutzen, um Ihre Nutzung der Website auszuwerten, um Reports \u00fcber die Websiteaktivit\u00e4ten zusammenzustellen und um weitere mit der Websitenutzung und der Internetnutzung verbundene Dienstleistungen gegen\u00fcber dem Websitebetreiber zu erbringen. Die im Rahmen von Google Analytics von Ihrem Browser \u00fcbermittelte IP-Adresse wird nicht mit anderen Daten von Google zusammengef\u00fchrt.<\/p>\n<p>Sie k\u00f6nnen die Speicherung der Cookies durch eine entsprechende Einstellung Ihrer Browser-Software verhindern; wir weisen Sie jedoch darauf hin, dass Sie in diesem Fall gegebenenfalls nicht s\u00e4mtliche Funktionen dieser Website vollumf\u00e4nglich werden nutzen k\u00f6nnen. Sie k\u00f6nnen dar\u00fcber hinaus die Erfassung der durch das Cookie erzeugten und auf Ihre Nutzung der Website bezogenen Daten (inkl. Ihrer IP-Adresse) an Google sowie die Verarbeitung dieser Daten durch Google verhindern, indem sie das unter dem folgenden Link verf\u00fcgbare Plugin <a href=\"http:\/\/tools.google.com\/dlpage\/gaoptout?hl=de\">herunterladen<\/a> und installieren. Angesichts der Diskussion um den Einsatz von Analysetools mit vollst\u00e4ndigen IP-Adressen m\u00f6chten wir darauf hinweisen, dass diese Website Google Analytics mit der Erweiterung \u201c_anonymizeIp()\u201d verwendet und daher IP-Adressen nur gek\u00fcrzt weiterverarbeitet werden, um eine direkte Personenbeziehbarkeit auszuschlie\ufb02en.\u201d<\/p>\n<p>Weitere Informationen zur Datennutzung durch Google, Einstellungs- und Widerspruchsm\u00f6glichkeiten, erfahren Sie in der Datenschutzerkl\u00e4rung von Google (<a href=\"https:\/\/policies.google.com\/technologies\/ads\">https:\/\/policies.google.com\/technologies\/ads<\/a>) sowie in den Einstellungen f\u00fcr die Darstellung von Werbeeinblendungen durch Google <a href=\"https:\/\/adssettings.google.com\/authenticated\">https:\/\/adssettings.google.com\/authenticated<\/a><\/p>\n<hr \/>\n<p>&nbsp;<\/p>\n<h1>Haftungsausschluss \/ Disclaimer<\/h1>\n<h3><strong>Haftung f\u00fcr Inhalte<\/strong><\/h3>\n<p>Die Inhalte unserer Seiten wurden mit gr\u00f6\u00dfter Sorgfalt erstellt. Dennoch k\u00f6nnen wir f\u00fcr die Richtigkeit, Vollst\u00e4ndigkeit und Aktualit\u00e4t der Inhalte keine Gew\u00e4hr \u00fcbernehmen. Als Betreiber dieser Website sind wir nach \u00a7 6 Abs.1 MDStV und \u00a7 8 Abs.1 TDG f\u00fcr eigene Inhalte verantwortlich. In Abgrenzung dazu \u00fcberwachen wir nicht, ob die von ihnen \u00fcbermittelten Informationen oder die Inhalte externer Websites auf eine rechtswidrige T\u00e4tigkeit hinweisen. Unsere Verpflichtungen zur Entfernung von Informationen nach den allgemeinen Gesetzen bleiben hiervon unber\u00fchrt. Gelangen uns Rechtsverletzungen zur Kenntnis, werden wir betroffene Inhalte umgehend entfernen.<\/p>\n<h3><strong>Haftung f\u00fcr Links<\/strong><\/h3>\n<p>Unsere Website enth\u00e4lt Links zu externen Websites Dritter, auf die wir keinen Einfluss haben. Daher k\u00f6nnen wir f\u00fcr diese und deren Inhalt auch keine Gew\u00e4hr \u00fcbernehmen. F\u00fcr illegale, fehlerhafte oder unvollst\u00e4ndige Inhalte und insbesondere f\u00fcr Sch\u00e4den, die aus der Nutzung oder Nichtnutzung solcherart dargebotener Informationen entstehen, haftet allein der Anbieter der Seite, auf welche verwiesen wurde. Die verlinkten Seiten wurden zum Zeitpunkt der Verlinkung von uns gepr\u00fcft, sodass rechtswidrige Inhalte waren zum Zeitpunkt der Verlinkung nicht erkennbar waren. Wir distanzieren uns hiermit ausdr\u00fccklich von allen Inhalten aller gelinkten\/verkn\u00fcpften Seiten, die nach der Linksetzung ver\u00e4ndert wurden. Das gilt f\u00fcr alle innerhalb des eigenen Internetangebotes gesetzten Links und Verweise sowie f\u00fcr Fremdeintr\u00e4ge in Kommentaren, G\u00e4steb\u00fcchern, Diskussionsforen und Mailinglisten. Gelangen uns Rechtsverletzungen zur Kenntnis, werden wir betroffene Inhalte umgehend entfernen.<\/p>\n<h3><strong>Urheberrecht<\/strong><\/h3>\n<p>Wir sind bem\u00fcht, die Urheberrechte Dritter gewissenhaft zu beachten und zu wahren. Die von uns selbst erstellten Inhalte und Werke auf diesen Seiten unterliegen dem deutschen Urheberrecht. Alle innerhalb des Internetangebotes genannten und ggf. durch Dritte gesch\u00fctzten Marken- und Warenzeichen oder urheberrechtlich gesch\u00fctzte Werke unterliegen uneingeschr\u00e4nkt den Bestimmungen des jeweils g\u00fcltigen Urheber- und Leistungsschutzrechts bzw. Kennzeichenrechts und den Besitzrechten der jeweiligen eingetragenen Eigent\u00fcmer. Allein aufgrund der blo\u00dfen Verwendung ist nicht der Schlu\u00df zu ziehen, dass Marken- und Warenzeichen oder Inhalte nicht durch Rechte Dritter gesch\u00fctzt sind! Die Vervielf\u00e4ltigung, Bearbeitung, Verbreitung und jede art der Verwertung au\u00dferhalb der Grenzen des Urheberrechtes bed\u00fcrfen der schriftlichen Zustimmung des jeweiligen Autors bzw. Erstellers. Eine Vervielf\u00e4ltigung, Bearbeitung, Verbreitung, \u00dcbersetzung, Speicherung, Verarbeitung, Wiedergabe oder sonstige Verwendung der Inhalte, v.a. Grafiken und Texte, ist nicht gestattet. Bitte setzten sie sich mit uns in Verbindung, falls sie Inhalte verwenden wollen.<\/p>\n<h3><strong>Rechtswirksamkeit dieses Haftungsausschlusses<\/strong><\/h3>\n<p>Dieser Haftungsausschluss ist als Teil des Internetangebotes zu betrachten. Sofern Teile oder einzelne Formulierungen dieses Textes der geltenden Rechtslage nicht, nicht mehr oder nicht vollst\u00e4ndig entsprechen sollten, bleiben die \u00fcbrigen Teile des Dokumentes in ihrem Inhalt und ihrer G\u00fcltigkeit davon unber\u00fchrt. Der vorliegende Haftungsausschlusstext basiert auf dem kostenlosen Dienst von http:\/\/www.disclaimer.de<\/p>\n<hr \/>\n<h1>Fotos<\/h1>\n<p>Connecting:\u00a0Abstract background of modern digital tech\u00a0\u00a9\u00a0<a title=\"Fotos von artant - fotolia.com\" href=\"http:\/\/de.fotolia.com\/p\/202095416\" target=\"_blank\" rel=\"noopener noreferrer\">artant \u2013 Fotolia.com<\/a><\/p>\n<p>Performing:\u00a0Digital background for studio\u00a0\u00a9\u00a0<a title=\"Fotos von koya979 - fotolia.com\" href=\"http:\/\/de.fotolia.com\/p\/201993720\" target=\"_blank\" rel=\"noopener noreferrer\">koya979\u00a0\u2013 Fotolia.com<\/a><\/p>\n<p>&nbsp;<\/p>\n","protected":false},"excerpt":{"rendered":"<p>Am effektivsten ist ein pers\u00f6nliches Gespr\u00e4ch. Hier k\u00f6nnen wir besprechen, wie ich Sie am Besten unterst\u00fctzen kann. Wir kl\u00e4ren offene Fragen, \u00fcberpr\u00fcfen den Ist-Stand, sprechen \u00fcber Ihre Vorstellungen und erarbeiten ein genaues Konzept f\u00fcr Sie.<\/p>\n","protected":false},"author":3,"featured_media":0,"parent":0,"menu_order":13,"comment_status":"closed","ping_status":"closed","template":"page-full.php","meta":[],"_links":{"self":[{"href":"https:\/\/www.cabp.de\/index.php\/wp-json\/wp\/v2\/pages\/27"}],"collection":[{"href":"https:\/\/www.cabp.de\/index.php\/wp-json\/wp\/v2\/pages"}],"about":[{"href":"https:\/\/www.cabp.de\/index.php\/wp-json\/wp\/v2\/types\/page"}],"author":[{"embeddable":true,"href":"https:\/\/www.cabp.de\/index.php\/wp-json\/wp\/v2\/users\/3"}],"replies":[{"embeddable":true,"href":"https:\/\/www.cabp.de\/index.php\/wp-json\/wp\/v2\/comments?post=27"}],"version-history":[{"count":98,"href":"https:\/\/www.cabp.de\/index.php\/wp-json\/wp\/v2\/pages\/27\/revisions"}],"predecessor-version":[{"id":980,"href":"https:\/\/www.cabp.de\/index.php\/wp-json\/wp\/v2\/pages\/27\/revisions\/980"}],"wp:attachment":[{"href":"https:\/\/www.cabp.de\/index.php\/wp-json\/wp\/v2\/media?parent=27"}],"curies":[{"name":"wp","href":"https:\/\/api.w.org\/{rel}","templated":true}]}}