{"id":9,"date":"2012-11-27T20:31:10","date_gmt":"2012-11-27T19:31:10","guid":{"rendered":"http:\/\/wordpress.p180270.webspaceconfig.de\/?page_id=9"},"modified":"2023-12-05T11:25:03","modified_gmt":"2023-12-05T10:25:03","slug":"strategie-und-technologieberatung","status":"publish","type":"page","link":"https:\/\/www.cabp.de\/index.php\/leistungen\/strategie-und-technologieberatung\/","title":{"rendered":"Strategie- &#038; Technologieberatung"},"content":{"rendered":"<p>&nbsp;<\/p>\n<p>Die IT-Strategie eines Unternehmens entscheidet heute \u00fcber den Erfolg einer Unternehmung. Dabei gilt es, den Gesch\u00e4ftsbetrieb optimal zu unterst\u00fctzen. Insbesondere im Bereich der direkten Prozess- und Arbeitsunterst\u00fctzung sind wir noch lange nicht gut genug: Mitarbeiter und Partner stecken eigentverantwortlich in unselektierter Information und Aufgaben in einem Umfeld sich wandelnder Gesch\u00e4ftsanweisungen, Reportings und Vorschriften. Compliance ist ein Aspekt, Guidance eine Auspr\u00e4gung, Unterst\u00fctzung zur Selbstorganisation wissensintesiver Arbeitspl\u00e4tze ist die Vision. Etwas, das der modernen Unternehmensf\u00fchrung viel besser gerecht wird. Das ungeborgene Potential, eine Organisation durch moderne IT-Unterst\u00fctzung effizienter, agiler und wettbewerbsf\u00e4higer zu machen, ist enorm, allerorts.<\/p>\n<p>Um geeignete Konzepte, Produkte, Dienstleistungen ausw\u00e4hlen und eine Umsetzung\u00a0 anleiten zu k\u00f6nnen, ist breite Erfahrung und ein aktuelles Wissen \u00fcber Methode, Technologie, deren Anwendung und Betrieb erforderlich.<\/p>\n<h3>Ich biete Ihnen auf Honorarbasis an, Sie oder Ihre Kunden in Fragen der Strategie und Technologie zu computergest\u00fczten Gesch\u00e4ftsprozessen mit Wissen und Erfahrung zu unterst\u00fctzen. Dazu geh\u00f6rt vor Allem:<\/h3>\n<ul>\n<li>die Erarbeitung von spezifischen Einsatzszenarien von Workflowsystemen zur Arbeitssteuerung, -verteilung und -unterst\u00fctzung, sowie die Durchf\u00fchrung von Wirtschaftlichkeitsanalysen.<\/li>\n<li>die Analyse von Gesch\u00e4ftsprozessen und deren technische Modellierung, sowie Workshops mit Fachbereichen und Multiplikatoren.<\/li>\n<li>die Fit-Gap-Analyse von Bestandssystemen, die Erarbeitung von Handlungsempfehlungen, sowie die Pr\u00fcfung und Bewertung von Beratungs- oder Entwicklungsvorhaben und -angeboten.<\/li>\n<li>die Bewertung oder Erarbeitung einer Werkzeugstra\u00dfe f\u00fcr Entwicklungsvorhaben.<\/li>\n<li>die Beratung und Unterst\u00fctzung bei Einf\u00fchrung von Metriken und Werkzeugen zum Performancemanagement.<\/li>\n<\/ul>\n","protected":false},"excerpt":{"rendered":"<p>&nbsp; Die IT-Strategie eines Unternehmens entscheidet heute \u00fcber den Erfolg einer Unternehmung. Dabei gilt es, den Gesch\u00e4ftsbetrieb optimal zu unterst\u00fctzen. Insbesondere im Bereich der direkten Prozess- und Arbeitsunterst\u00fctzung sind wir noch lange nicht gut genug: Mitarbeiter und Partner stecken eigentverantwortlich in unselektierter Information und Aufgaben in einem Umfeld sich wandelnder Gesch\u00e4ftsanweisungen, Reportings und Vorschriften. Compliance [&hellip;]<\/p>\n","protected":false},"author":3,"featured_media":0,"parent":2,"menu_order":0,"comment_status":"closed","ping_status":"closed","template":"","meta":[],"_links":{"self":[{"href":"https:\/\/www.cabp.de\/index.php\/wp-json\/wp\/v2\/pages\/9"}],"collection":[{"href":"https:\/\/www.cabp.de\/index.php\/wp-json\/wp\/v2\/pages"}],"about":[{"href":"https:\/\/www.cabp.de\/index.php\/wp-json\/wp\/v2\/types\/page"}],"author":[{"embeddable":true,"href":"https:\/\/www.cabp.de\/index.php\/wp-json\/wp\/v2\/users\/3"}],"replies":[{"embeddable":true,"href":"https:\/\/www.cabp.de\/index.php\/wp-json\/wp\/v2\/comments?post=9"}],"version-history":[{"count":22,"href":"https:\/\/www.cabp.de\/index.php\/wp-json\/wp\/v2\/pages\/9\/revisions"}],"predecessor-version":[{"id":3645,"href":"https:\/\/www.cabp.de\/index.php\/wp-json\/wp\/v2\/pages\/9\/revisions\/3645"}],"up":[{"embeddable":true,"href":"https:\/\/www.cabp.de\/index.php\/wp-json\/wp\/v2\/pages\/2"}],"wp:attachment":[{"href":"https:\/\/www.cabp.de\/index.php\/wp-json\/wp\/v2\/media?parent=9"}],"curies":[{"name":"wp","href":"https:\/\/api.w.org\/{rel}","templated":true}]}}