{"id":91,"date":"2012-11-27T21:01:16","date_gmt":"2012-11-27T20:01:16","guid":{"rendered":"http:\/\/wordpress.p180270.webspaceconfig.de\/?page_id=91"},"modified":"2023-12-05T11:25:02","modified_gmt":"2023-12-05T10:25:02","slug":"performing","status":"publish","type":"page","link":"https:\/\/www.cabp.de\/index.php\/header\/performing\/","title":{"rendered":"Performing"},"content":{"rendered":"<p>Wer stehen bleibt, f\u00e4llt zur\u00fcck. Eine objektive Metrik und ein kritischer Blick von au\u00dfen sollte f\u00fcr jedes ambitionierte Projekt zum Standard geh\u00f6ren!<br \/>\n&#8222;It takes all the running you can do, to keep in the same place. Herzk\u00f6nigin, Lewis Carroll, 1871&#8220;<\/p>\n","protected":false},"excerpt":{"rendered":"<p>Wer stehen bleibt, f\u00e4llt zur\u00fcck. Eine objektive Metrik und ein kritischer Blick von au\u00dfen sollte f\u00fcr jedes ambitionierte Projekt zum Standard geh\u00f6ren! &#8222;It takes all the running you can do, to keep in the same place. Herzk\u00f6nigin, Lewis Carroll, 1871&#8220;<\/p>\n","protected":false},"author":3,"featured_media":862,"parent":66,"menu_order":3,"comment_status":"closed","ping_status":"closed","template":"page-full.php","meta":[],"_links":{"self":[{"href":"https:\/\/www.cabp.de\/index.php\/wp-json\/wp\/v2\/pages\/91"}],"collection":[{"href":"https:\/\/www.cabp.de\/index.php\/wp-json\/wp\/v2\/pages"}],"about":[{"href":"https:\/\/www.cabp.de\/index.php\/wp-json\/wp\/v2\/types\/page"}],"author":[{"embeddable":true,"href":"https:\/\/www.cabp.de\/index.php\/wp-json\/wp\/v2\/users\/3"}],"replies":[{"embeddable":true,"href":"https:\/\/www.cabp.de\/index.php\/wp-json\/wp\/v2\/comments?post=91"}],"version-history":[{"count":14,"href":"https:\/\/www.cabp.de\/index.php\/wp-json\/wp\/v2\/pages\/91\/revisions"}],"predecessor-version":[{"id":866,"href":"https:\/\/www.cabp.de\/index.php\/wp-json\/wp\/v2\/pages\/91\/revisions\/866"}],"up":[{"embeddable":true,"href":"https:\/\/www.cabp.de\/index.php\/wp-json\/wp\/v2\/pages\/66"}],"wp:featuredmedia":[{"embeddable":true,"href":"https:\/\/www.cabp.de\/index.php\/wp-json\/wp\/v2\/media\/862"}],"wp:attachment":[{"href":"https:\/\/www.cabp.de\/index.php\/wp-json\/wp\/v2\/media?parent=91"}],"curies":[{"name":"wp","href":"https:\/\/api.w.org\/{rel}","templated":true}]}}